{"id":39,"date":"2022-10-25T18:49:56","date_gmt":"2022-10-25T16:49:56","guid":{"rendered":"http:\/\/parlagrace.fr\/?page_id=39"},"modified":"2022-10-25T20:19:13","modified_gmt":"2022-10-25T18:19:13","slug":"qui-sommes-nous","status":"publish","type":"page","link":"https:\/\/parlagrace.fr\/index.php\/qui-sommes-nous\/","title":{"rendered":"Qui sommes nous ?"},"content":{"rendered":"\n<p><strong class=\"privacy-policy-tutorial\"> <\/strong>L\u2019adresse de notre site est&nbsp;: <a rel=\"noreferrer noopener\" href=\"http:\/\/www.parlagrace.fr\" target=\"_blank\">http:\/\/www.parlagrace.fr<\/a><\/p>\n\n\n\n<p>PAR LA GRACE est un site Web \u00e0 but non lucratif, dont l&rsquo;objectif est de r\u00e9pandre l&rsquo;\u00e9vangile et la saine doctrine de notre Seigneur J\u00e9sus-Christ. Ce site n&rsquo;est pas li\u00e9 \u00e0 ou maintenu par une \u00e9glise ou une confession religieuse.<\/p>\n\n\n\n<p>Nous nous rassemblons uniquement au nom du Seigneur J\u00e9sus-Christ, nous croyons en l&rsquo;\u0153uvre expiatoire de J\u00e9sus sur la croix et en son sang comme le seul droit de notre acceptation aupr\u00e8s de Dieu. Nous croyons que la Bible est la Parole de Dieu et est la seule autorit\u00e9 \u00e9crite sur laquelle nous pouvons compter.<\/p>\n\n\n\n<p>Nous reconnaissons la Seigneurie du Christ, T\u00eate de Son corps, qui est l&rsquo;\u00c9glise (Col 1.18) et Il est le centre de nos rencontres. Nous reconnaissons \u00e9galement la direction du Saint-Esprit, qui nous guide dans toute la v\u00e9rit\u00e9 (Jean 16:13).<\/p>\n\n\n\n<p>L&rsquo;homme sans Christ est mort dans ses p\u00e9ch\u00e9s et est par nature un ennemi de Dieu (Eph 2:1-3), le salut est un acte souverain de Dieu (Eph 2:8), et que l&rsquo;homme est sauv\u00e9 par la foi, qui est un don de Dieu.<\/p>\n\n\n\n<p>Nous vivons \u00e0 des jours de ruine morale et spirituelle, tels que mentionn\u00e9s dans 2 Timoth\u00e9e 3: 1 comme \u00ab\u00a0des temps difficiles\u00a0\u00bb , nous sommes avertis par la parole de Dieu de nous d\u00e9tourner de l&rsquo;iniquit\u00e9, qu&rsquo;elle soit morale, doctrinale ou eccl\u00e9siastique , et de se rassembler \u00ab\u00a0avec ceux qui invoquent le Seigneur d&rsquo;un c\u0153ur pur\u00a0\u00bb (2 Timoth\u00e9e 2:19-22).<\/p>\n\n\n\n<p><br>Croyez au Seigneur J\u00e9sus et soyez sauv\u00e9 !<\/p>\n\n\n\n<p><\/p>\n\n\n\n<p>Quelques auteurs de Saine doctrine,  J.G. Bellett, C. H. Brown, J. N. Darby, E. Dennett, W. W. Fereday, J. L. Harris, W. Kelly, C. H. Mackintosh, A. Miller, F. G. Patterson, A. J. Pollock, H. L. Rossier, H. Smith, C. Stanley, W. Trotter, G. V. Wigram et plein d&rsquo;autres. \u00a0Une liste compl\u00e8te en anglais que vous trouverez sur ce <a rel=\"noreferrer noopener\" href=\"https:\/\/bibletruthpublishers.com\/bible-truth-library\/lh\" data-type=\"URL\" data-id=\"https:\/\/bibletruthpublishers.com\/bible-truth-library\/lh\" target=\"_blank\">lien<\/a><a href=\"https:\/\/bibletruthpublishers.com\/bible-truth-library\/lh\" data-type=\"URL\" data-id=\"https:\/\/bibletruthpublishers.com\/bible-truth-library\/lh\">.<\/a><\/p>\n","protected":false},"excerpt":{"rendered":"<p>L\u2019adresse de notre site est&nbsp;: http:\/\/www.parlagrace.fr PAR LA GRACE est un site Web \u00e0 but non lucratif, dont l&rsquo;objectif est de r\u00e9pandre l&rsquo;\u00e9vangile et la saine doctrine de notre Seigneur J\u00e9sus-Christ. Ce site n&rsquo;est pas li\u00e9 \u00e0 ou maintenu par une \u00e9glise ou une confession religieuse. Nous nous rassemblons uniquement au nom du Seigneur J\u00e9sus-Christ, [&hellip;]<\/p>\n","protected":false},"author":1,"featured_media":0,"parent":0,"menu_order":0,"comment_status":"closed","ping_status":"closed","template":"","meta":{"footnotes":""},"class_list":["post-39","page","type-page","status-publish","hentry"],"_links":{"self":[{"href":"https:\/\/parlagrace.fr\/index.php\/wp-json\/wp\/v2\/pages\/39","targetHints":{"allow":["GET"]}}],"collection":[{"href":"https:\/\/parlagrace.fr\/index.php\/wp-json\/wp\/v2\/pages"}],"about":[{"href":"https:\/\/parlagrace.fr\/index.php\/wp-json\/wp\/v2\/types\/page"}],"author":[{"embeddable":true,"href":"https:\/\/parlagrace.fr\/index.php\/wp-json\/wp\/v2\/users\/1"}],"replies":[{"embeddable":true,"href":"https:\/\/parlagrace.fr\/index.php\/wp-json\/wp\/v2\/comments?post=39"}],"version-history":[{"count":3,"href":"https:\/\/parlagrace.fr\/index.php\/wp-json\/wp\/v2\/pages\/39\/revisions"}],"predecessor-version":[{"id":50,"href":"https:\/\/parlagrace.fr\/index.php\/wp-json\/wp\/v2\/pages\/39\/revisions\/50"}],"wp:attachment":[{"href":"https:\/\/parlagrace.fr\/index.php\/wp-json\/wp\/v2\/media?parent=39"}],"curies":[{"name":"wp","href":"https:\/\/api.w.org\/{rel}","templated":true}]}}